{"id":22472,"date":"2023-10-17T09:29:48","date_gmt":"2023-10-17T07:29:48","guid":{"rendered":"https:\/\/www.votorantimcimentos.es\/?page_id=22472"},"modified":"2024-04-29T16:19:29","modified_gmt":"2024-04-29T14:19:29","slug":"acionistas","status":"publish","type":"page","link":"https:\/\/www.votorantimcimentos.es\/pt-pt\/acionistas\/","title":{"rendered":"Acionistas"},"content":{"rendered":"<div class=\"fusion-fullwidth fullwidth-box fusion-builder-row-1 fusion-flex-container has-pattern-background has-mask-background nonhundred-percent-fullwidth non-hundred-percent-height-scrolling\" style=\"--awb-border-radius-top-left:0px;--awb-border-radius-top-right:0px;--awb-border-radius-bottom-right:0px;--awb-border-radius-bottom-left:0px;--awb-padding-top:30px;--awb-padding-bottom:100px;--awb-flex-wrap:wrap;\" ><div class=\"fusion-builder-row fusion-row fusion-flex-align-items-flex-start fusion-flex-content-wrap\" style=\"max-width:1331.2px;margin-left: calc(-4% \/ 2 );margin-right: calc(-4% \/ 2 );\"><div class=\"fusion-layout-column fusion_builder_column fusion-builder-column-0 fusion_builder_column_1_1 1_1 fusion-flex-column fusion-column-no-min-height\" style=\"--awb-padding-right-medium:0px;--awb-padding-left-medium:0px;--awb-bg-blend:overlay;--awb-bg-size:cover;--awb-width-large:100%;--awb-margin-top-large:0px;--awb-spacing-right-large:1.92%;--awb-margin-bottom-large:0px;--awb-spacing-left-large:1.92%;--awb-width-medium:80%;--awb-spacing-right-medium:2.4%;--awb-spacing-left-medium:2.4%;--awb-width-small:100%;--awb-spacing-right-small:1.92%;--awb-margin-bottom-small:30px;--awb-spacing-left-small:1.92%;\"><div class=\"fusion-column-wrapper fusion-flex-justify-content-flex-start fusion-content-layout-column\"><div class=\"fusion-title title fusion-title-1 fusion-sep-none fusion-title-text fusion-title-size-one\" style=\"--awb-text-color:var(--awb-color5);--awb-margin-bottom:0px;--awb-margin-top-small:10px;--awb-margin-right-small:0px;--awb-margin-bottom-small:10px;--awb-margin-left-small:0px;--awb-font-size:40px;\"><h1 class=\"fusion-title-heading title-heading-left fusion-responsive-typography-calculated\" style=\"margin:0;text-transform:none;font-size:1em;--fontSize:40;line-height:1.5;\">Acionistas<\/h1><\/div><div class=\"fusion-separator\" style=\"align-self: flex-start;margin-right:auto;margin-bottom:30px;width:100%;max-width:88px;\"><div class=\"fusion-separator-border sep-single sep-solid\" style=\"--awb-height:20px;--awb-amount:20px;--awb-sep-color:var(--awb-color6);border-color:var(--awb-color6);border-top-width:4px;\"><\/div><\/div><div class=\"fusion-text fusion-text-1 fusion-text-no-margin\" style=\"--awb-font-size:20px;--awb-line-height:30px;--awb-letter-spacing:0px;--awb-text-transform:none;--awb-margin-bottom:8px;\"><p><span style=\"font-weight: 400;\">Consulte as comunica\u00e7\u00f5es societ\u00e1rias oficiais para acionistas das empresas da Votorantim Cimentos em Espanha. <\/span><\/p>\n<\/div><div class=\"fusion-text fusion-text-2\" style=\"--awb-font-size:20px;--awb-line-height:30px;--awb-letter-spacing:0px;--awb-text-transform:none;\"><p><span style=\"font-weight: 400;\">N\u00e3o h\u00e1 comunica\u00e7\u00f5es para mostrar atualmente.<\/span><\/p>\n<\/div><\/div><\/div><\/div><\/div>\n","protected":false},"excerpt":{"rendered":"","protected":false},"author":1,"featured_media":23724,"parent":0,"menu_order":0,"comment_status":"closed","ping_status":"closed","template":"100-width.php","meta":{"footnotes":""},"class_list":["post-22472","page","type-page","status-publish","has-post-thumbnail","hentry"],"yoast_head":"<!-- This site is optimized with the Yoast SEO plugin v27.3 - https:\/\/yoast.com\/product\/yoast-seo-wordpress\/ -->\n<title>Acionistas e Comunicados Oficiais | Votorantim Cimentos Espanha<\/title>\n<meta name=\"description\" content=\"Comunicados oficiais aos acionistas. Maximizando o valor para os acionistas atrav\u00e9s da excel\u00eancia. Principal empresa de materiais de constru\u00e7\u00e3o a n\u00edvel mundial.\" \/>\n<meta name=\"robots\" content=\"index, follow, max-snippet:-1, max-image-preview:large, max-video-preview:-1\" \/>\n<link rel=\"canonical\" href=\"https:\/\/www.votorantimcimentos.es\/pt-pt\/acionistas\/\" \/>\n<meta property=\"og:locale\" content=\"pt_PT\" \/>\n<meta property=\"og:type\" content=\"article\" \/>\n<meta property=\"og:title\" content=\"Acionistas e Comunicados Oficiais | Votorantim Cimentos Espanha\" \/>\n<meta property=\"og:description\" content=\"Comunicados oficiais aos acionistas. Maximizando o valor para os acionistas atrav\u00e9s da excel\u00eancia. Principal empresa de materiais de constru\u00e7\u00e3o a n\u00edvel mundial.\" \/>\n<meta property=\"og:url\" content=\"https:\/\/www.votorantimcimentos.es\/pt-pt\/acionistas\/\" \/>\n<meta property=\"og:site_name\" content=\"Votorantim Cimentos Espa\u00f1a\" \/>\n<meta property=\"article:modified_time\" content=\"2024-04-29T14:19:29+00:00\" \/>\n<meta property=\"og:image\" content=\"https:\/\/www.votorantimcimentos.es\/wp-content\/uploads\/2023\/10\/Group-1879.png\" \/>\n\t<meta property=\"og:image:width\" content=\"1396\" \/>\n\t<meta property=\"og:image:height\" content=\"491\" \/>\n\t<meta property=\"og:image:type\" content=\"image\/png\" \/>\n<meta name=\"twitter:card\" content=\"summary_large_image\" \/>\n<meta name=\"twitter:label1\" content=\"Tempo estimado de leitura\" \/>\n\t<meta name=\"twitter:data1\" content=\"1 minuto\" \/>\n<script type=\"application\/ld+json\" class=\"yoast-schema-graph\">{\"@context\":\"https:\\\/\\\/schema.org\",\"@graph\":[{\"@type\":\"WebPage\",\"@id\":\"https:\\\/\\\/www.votorantimcimentos.es\\\/pt-pt\\\/acionistas\\\/\",\"url\":\"https:\\\/\\\/www.votorantimcimentos.es\\\/pt-pt\\\/acionistas\\\/\",\"name\":\"Acionistas e Comunicados Oficiais | Votorantim Cimentos Espanha\",\"isPartOf\":{\"@id\":\"https:\\\/\\\/www.votorantimcimentos.es\\\/pt-pt\\\/#website\"},\"primaryImageOfPage\":{\"@id\":\"https:\\\/\\\/www.votorantimcimentos.es\\\/pt-pt\\\/acionistas\\\/#primaryimage\"},\"image\":{\"@id\":\"https:\\\/\\\/www.votorantimcimentos.es\\\/pt-pt\\\/acionistas\\\/#primaryimage\"},\"thumbnailUrl\":\"https:\\\/\\\/www.votorantimcimentos.es\\\/wp-content\\\/uploads\\\/2023\\\/10\\\/Group-1879.png\",\"datePublished\":\"2023-10-17T07:29:48+00:00\",\"dateModified\":\"2024-04-29T14:19:29+00:00\",\"description\":\"Comunicados oficiais aos acionistas. Maximizando o valor para os acionistas atrav\u00e9s da excel\u00eancia. Principal empresa de materiais de constru\u00e7\u00e3o a n\u00edvel mundial.\",\"breadcrumb\":{\"@id\":\"https:\\\/\\\/www.votorantimcimentos.es\\\/pt-pt\\\/acionistas\\\/#breadcrumb\"},\"inLanguage\":\"pt-PT\",\"potentialAction\":[{\"@type\":\"ReadAction\",\"target\":[\"https:\\\/\\\/www.votorantimcimentos.es\\\/pt-pt\\\/acionistas\\\/\"]}]},{\"@type\":\"ImageObject\",\"inLanguage\":\"pt-PT\",\"@id\":\"https:\\\/\\\/www.votorantimcimentos.es\\\/pt-pt\\\/acionistas\\\/#primaryimage\",\"url\":\"https:\\\/\\\/www.votorantimcimentos.es\\\/wp-content\\\/uploads\\\/2023\\\/10\\\/Group-1879.png\",\"contentUrl\":\"https:\\\/\\\/www.votorantimcimentos.es\\\/wp-content\\\/uploads\\\/2023\\\/10\\\/Group-1879.png\",\"width\":1396,\"height\":491},{\"@type\":\"BreadcrumbList\",\"@id\":\"https:\\\/\\\/www.votorantimcimentos.es\\\/pt-pt\\\/acionistas\\\/#breadcrumb\",\"itemListElement\":[{\"@type\":\"ListItem\",\"position\":1,\"name\":\"In\u00edcio\",\"item\":\"https:\\\/\\\/www.votorantimcimentos.es\\\/pt-pt\\\/\"},{\"@type\":\"ListItem\",\"position\":2,\"name\":\"Acionistas\"}]},{\"@type\":\"WebSite\",\"@id\":\"https:\\\/\\\/www.votorantimcimentos.es\\\/pt-pt\\\/#website\",\"url\":\"https:\\\/\\\/www.votorantimcimentos.es\\\/pt-pt\\\/\",\"name\":\"Votorantim Cimentos Espa\u00f1a\",\"description\":\"\",\"potentialAction\":[{\"@type\":\"SearchAction\",\"target\":{\"@type\":\"EntryPoint\",\"urlTemplate\":\"https:\\\/\\\/www.votorantimcimentos.es\\\/pt-pt\\\/?s={search_term_string}\"},\"query-input\":{\"@type\":\"PropertyValueSpecification\",\"valueRequired\":true,\"valueName\":\"search_term_string\"}}],\"inLanguage\":\"pt-PT\"}]}<\/script>\n<!-- \/ Yoast SEO plugin. -->","yoast_head_json":{"title":"Acionistas e Comunicados Oficiais | Votorantim Cimentos Espanha","description":"Comunicados oficiais aos acionistas. Maximizando o valor para os acionistas atrav\u00e9s da excel\u00eancia. Principal empresa de materiais de constru\u00e7\u00e3o a n\u00edvel mundial.","robots":{"index":"index","follow":"follow","max-snippet":"max-snippet:-1","max-image-preview":"max-image-preview:large","max-video-preview":"max-video-preview:-1"},"canonical":"https:\/\/www.votorantimcimentos.es\/pt-pt\/acionistas\/","og_locale":"pt_PT","og_type":"article","og_title":"Acionistas e Comunicados Oficiais | Votorantim Cimentos Espanha","og_description":"Comunicados oficiais aos acionistas. Maximizando o valor para os acionistas atrav\u00e9s da excel\u00eancia. Principal empresa de materiais de constru\u00e7\u00e3o a n\u00edvel mundial.","og_url":"https:\/\/www.votorantimcimentos.es\/pt-pt\/acionistas\/","og_site_name":"Votorantim Cimentos Espa\u00f1a","article_modified_time":"2024-04-29T14:19:29+00:00","og_image":[{"width":1396,"height":491,"url":"https:\/\/www.votorantimcimentos.es\/wp-content\/uploads\/2023\/10\/Group-1879.png","type":"image\/png"}],"twitter_card":"summary_large_image","twitter_misc":{"Tempo estimado de leitura":"1 minuto"},"schema":{"@context":"https:\/\/schema.org","@graph":[{"@type":"WebPage","@id":"https:\/\/www.votorantimcimentos.es\/pt-pt\/acionistas\/","url":"https:\/\/www.votorantimcimentos.es\/pt-pt\/acionistas\/","name":"Acionistas e Comunicados Oficiais | Votorantim Cimentos Espanha","isPartOf":{"@id":"https:\/\/www.votorantimcimentos.es\/pt-pt\/#website"},"primaryImageOfPage":{"@id":"https:\/\/www.votorantimcimentos.es\/pt-pt\/acionistas\/#primaryimage"},"image":{"@id":"https:\/\/www.votorantimcimentos.es\/pt-pt\/acionistas\/#primaryimage"},"thumbnailUrl":"https:\/\/www.votorantimcimentos.es\/wp-content\/uploads\/2023\/10\/Group-1879.png","datePublished":"2023-10-17T07:29:48+00:00","dateModified":"2024-04-29T14:19:29+00:00","description":"Comunicados oficiais aos acionistas. Maximizando o valor para os acionistas atrav\u00e9s da excel\u00eancia. Principal empresa de materiais de constru\u00e7\u00e3o a n\u00edvel mundial.","breadcrumb":{"@id":"https:\/\/www.votorantimcimentos.es\/pt-pt\/acionistas\/#breadcrumb"},"inLanguage":"pt-PT","potentialAction":[{"@type":"ReadAction","target":["https:\/\/www.votorantimcimentos.es\/pt-pt\/acionistas\/"]}]},{"@type":"ImageObject","inLanguage":"pt-PT","@id":"https:\/\/www.votorantimcimentos.es\/pt-pt\/acionistas\/#primaryimage","url":"https:\/\/www.votorantimcimentos.es\/wp-content\/uploads\/2023\/10\/Group-1879.png","contentUrl":"https:\/\/www.votorantimcimentos.es\/wp-content\/uploads\/2023\/10\/Group-1879.png","width":1396,"height":491},{"@type":"BreadcrumbList","@id":"https:\/\/www.votorantimcimentos.es\/pt-pt\/acionistas\/#breadcrumb","itemListElement":[{"@type":"ListItem","position":1,"name":"In\u00edcio","item":"https:\/\/www.votorantimcimentos.es\/pt-pt\/"},{"@type":"ListItem","position":2,"name":"Acionistas"}]},{"@type":"WebSite","@id":"https:\/\/www.votorantimcimentos.es\/pt-pt\/#website","url":"https:\/\/www.votorantimcimentos.es\/pt-pt\/","name":"Votorantim Cimentos Espa\u00f1a","description":"","potentialAction":[{"@type":"SearchAction","target":{"@type":"EntryPoint","urlTemplate":"https:\/\/www.votorantimcimentos.es\/pt-pt\/?s={search_term_string}"},"query-input":{"@type":"PropertyValueSpecification","valueRequired":true,"valueName":"search_term_string"}}],"inLanguage":"pt-PT"}]}},"_links":{"self":[{"href":"https:\/\/www.votorantimcimentos.es\/pt-pt\/wp-json\/wp\/v2\/pages\/22472","targetHints":{"allow":["GET"]}}],"collection":[{"href":"https:\/\/www.votorantimcimentos.es\/pt-pt\/wp-json\/wp\/v2\/pages"}],"about":[{"href":"https:\/\/www.votorantimcimentos.es\/pt-pt\/wp-json\/wp\/v2\/types\/page"}],"author":[{"embeddable":true,"href":"https:\/\/www.votorantimcimentos.es\/pt-pt\/wp-json\/wp\/v2\/users\/1"}],"replies":[{"embeddable":true,"href":"https:\/\/www.votorantimcimentos.es\/pt-pt\/wp-json\/wp\/v2\/comments?post=22472"}],"version-history":[{"count":5,"href":"https:\/\/www.votorantimcimentos.es\/pt-pt\/wp-json\/wp\/v2\/pages\/22472\/revisions"}],"predecessor-version":[{"id":27037,"href":"https:\/\/www.votorantimcimentos.es\/pt-pt\/wp-json\/wp\/v2\/pages\/22472\/revisions\/27037"}],"wp:featuredmedia":[{"embeddable":true,"href":"https:\/\/www.votorantimcimentos.es\/pt-pt\/wp-json\/wp\/v2\/media\/23724"}],"wp:attachment":[{"href":"https:\/\/www.votorantimcimentos.es\/pt-pt\/wp-json\/wp\/v2\/media?parent=22472"}],"curies":[{"name":"wp","href":"https:\/\/api.w.org\/{rel}","templated":true}]}}