{"id":2578,"date":"2023-10-17T09:29:48","date_gmt":"2023-10-17T07:29:48","guid":{"rendered":"https:\/\/www.votorantimcimentos.es\/?page_id=2578"},"modified":"2026-02-03T10:42:20","modified_gmt":"2026-02-03T09:42:20","slug":"accionistas","status":"publish","type":"page","link":"https:\/\/www.votorantimcimentos.es\/es\/accionistas\/","title":{"rendered":"Accionistas"},"content":{"rendered":"<div class=\"fusion-fullwidth fullwidth-box fusion-builder-row-1 fusion-flex-container has-pattern-background has-mask-background nonhundred-percent-fullwidth non-hundred-percent-height-scrolling\" style=\"--awb-border-radius-top-left:0px;--awb-border-radius-top-right:0px;--awb-border-radius-bottom-right:0px;--awb-border-radius-bottom-left:0px;--awb-padding-top:30px;--awb-padding-bottom:100px;--awb-flex-wrap:wrap;\" ><div class=\"fusion-builder-row fusion-row fusion-flex-align-items-flex-start fusion-flex-content-wrap\" style=\"max-width:1331.2px;margin-left: calc(-4% \/ 2 );margin-right: calc(-4% \/ 2 );\"><div class=\"fusion-layout-column fusion_builder_column fusion-builder-column-0 fusion_builder_column_1_1 1_1 fusion-flex-column fusion-column-no-min-height\" style=\"--awb-padding-right-medium:0px;--awb-padding-left-medium:0px;--awb-bg-blend:overlay;--awb-bg-size:cover;--awb-width-large:100%;--awb-margin-top-large:0px;--awb-spacing-right-large:1.92%;--awb-margin-bottom-large:0px;--awb-spacing-left-large:1.92%;--awb-width-medium:80%;--awb-spacing-right-medium:2.4%;--awb-spacing-left-medium:2.4%;--awb-width-small:100%;--awb-spacing-right-small:1.92%;--awb-margin-bottom-small:30px;--awb-spacing-left-small:1.92%;\"><div class=\"fusion-column-wrapper fusion-flex-justify-content-flex-start fusion-content-layout-column\"><div class=\"fusion-title title fusion-title-1 fusion-sep-none fusion-title-text fusion-title-size-one\" style=\"--awb-text-color:var(--awb-color5);--awb-margin-bottom:0px;--awb-margin-top-small:10px;--awb-margin-right-small:0px;--awb-margin-bottom-small:10px;--awb-margin-left-small:0px;--awb-font-size:40px;\"><h1 class=\"fusion-title-heading title-heading-left fusion-responsive-typography-calculated\" style=\"margin:0;text-transform:none;font-size:1em;--fontSize:40;line-height:1.5;\">Accionistas<\/h1><\/div><div class=\"fusion-separator\" style=\"align-self: flex-start;margin-right:auto;margin-bottom:30px;width:100%;max-width:88px;\"><div class=\"fusion-separator-border sep-single sep-solid\" style=\"--awb-height:20px;--awb-amount:20px;--awb-sep-color:var(--awb-color6);border-color:var(--awb-color6);border-top-width:4px;\"><\/div><\/div><div class=\"fusion-text fusion-text-1\"><\/div><div class=\"fusion-text fusion-text-2 fusion-text-no-margin\" style=\"--awb-font-size:20px;--awb-line-height:30px;--awb-letter-spacing:0px;--awb-text-transform:none;--awb-margin-bottom:8px;\"><p>Consulta las comunicaciones societarias oficiales para accionistas de las empresas de Votorantim Cimentos en Espa\u00f1a.<\/p>\n<\/div><div class=\"fusion-text fusion-text-3\"><p><div class=\"fusion-image-element fusion-image-align-left in-legacy-container\" style=\"text-align:left;--awb-aspect-ratio:1 \/ 1;--awb-max-width:50px;--awb-caption-title-font-family:var(--h2_typography-font-family);--awb-caption-title-font-weight:var(--h2_typography-font-weight);--awb-caption-title-font-style:var(--h2_typography-font-style);--awb-caption-title-size:var(--h2_typography-font-size);--awb-caption-title-transform:var(--h2_typography-text-transform);--awb-caption-title-line-height:var(--h2_typography-line-height);--awb-caption-title-letter-spacing:var(--h2_typography-letter-spacing);\"><div style=\"display:inline-block;width:50px;float:left;\"><span class=\" fusion-imageframe imageframe-none imageframe-1 hover-type-none has-aspect-ratio\" style=\"margin-right:25px;float:left;\"><img decoding=\"async\" width=\"32\" height=\"32\" alt=\"Icono PDF\" title=\"Icono PDF\" src=\"data:image\/svg+xml,%3Csvg%20xmlns%3D%27http%3A%2F%2Fwww.w3.org%2F2000%2Fsvg%27%20width%3D%2732%27%20height%3D%2732%27%20viewBox%3D%270%200%2032%2032%27%3E%3Crect%20width%3D%2732%27%20height%3D%2732%27%20fill-opacity%3D%220%22%2F%3E%3C%2Fsvg%3E\" data-orig-src=\"https:\/\/www.votorantimcimentos.es\/wp-content\/uploads\/2023\/12\/icono-pdf-rojo.png\" class=\"lazyload img-responsive wp-image-24787 img-with-aspect-ratio\" data-parent-fit=\"cover\" data-parent-container=\".fusion-image-element\" \/><\/span><\/div><\/div><a href=\"https:\/\/www.votorantimcimentos.es\/wp-content\/uploads\/2026\/02\/PLH_2026_JGEx-A_Anuncio.pdf\" target=\"_blank\" rel=\"noopener noreferrer\">04.03.2026 Junta General Extraordinaria de Accionistas &#8211; Prebetong Lugo Hormigones.<\/a><\/p>\n<\/div><\/div><\/div><\/div><\/div>\n","protected":false},"excerpt":{"rendered":"","protected":false},"author":1,"featured_media":2304,"parent":0,"menu_order":0,"comment_status":"closed","ping_status":"closed","template":"100-width.php","meta":{"footnotes":""},"class_list":["post-2578","page","type-page","status-publish","has-post-thumbnail","hentry"],"yoast_head":"<!-- This site is optimized with the Yoast SEO plugin v27.4 - https:\/\/yoast.com\/product\/yoast-seo-wordpress\/ -->\n<title>Accionistas y Comunicados Oficiales | Votorantim Cimentos Espa\u00f1a<\/title>\n<meta name=\"description\" content=\"Comunicados oficiales accionistas. Maximizando el valor para los accionistas a trav\u00e9s de la excelencia. Principal empresa de materiales de construcci\u00f3n a nivel mundial.\" \/>\n<meta name=\"robots\" content=\"index, follow, max-snippet:-1, max-image-preview:large, max-video-preview:-1\" \/>\n<link rel=\"canonical\" href=\"https:\/\/www.votorantimcimentos.es\/es\/accionistas\/\" \/>\n<meta property=\"og:locale\" content=\"es_ES\" \/>\n<meta property=\"og:type\" content=\"article\" \/>\n<meta property=\"og:title\" content=\"Accionistas y Comunicados Oficiales | Votorantim Cimentos Espa\u00f1a\" \/>\n<meta property=\"og:description\" content=\"Comunicados oficiales accionistas. Maximizando el valor para los accionistas a trav\u00e9s de la excelencia. Principal empresa de materiales de construcci\u00f3n a nivel mundial.\" \/>\n<meta property=\"og:url\" content=\"https:\/\/www.votorantimcimentos.es\/es\/accionistas\/\" \/>\n<meta property=\"og:site_name\" content=\"Votorantim Cimentos Espa\u00f1a\" \/>\n<meta property=\"article:modified_time\" content=\"2026-02-03T09:42:20+00:00\" \/>\n<meta property=\"og:image\" content=\"https:\/\/www.votorantimcimentos.es\/wp-content\/uploads\/2023\/10\/Group-1879.png\" \/>\n\t<meta property=\"og:image:width\" content=\"1396\" \/>\n\t<meta property=\"og:image:height\" content=\"491\" \/>\n\t<meta property=\"og:image:type\" content=\"image\/png\" \/>\n<meta name=\"twitter:card\" content=\"summary_large_image\" \/>\n<meta name=\"twitter:label1\" content=\"Tiempo de lectura\" \/>\n\t<meta name=\"twitter:data1\" content=\"1 minuto\" \/>\n<script type=\"application\/ld+json\" class=\"yoast-schema-graph\">{\"@context\":\"https:\\\/\\\/schema.org\",\"@graph\":[{\"@type\":\"WebPage\",\"@id\":\"https:\\\/\\\/www.votorantimcimentos.es\\\/es\\\/accionistas\\\/\",\"url\":\"https:\\\/\\\/www.votorantimcimentos.es\\\/es\\\/accionistas\\\/\",\"name\":\"Accionistas y Comunicados Oficiales | Votorantim Cimentos Espa\u00f1a\",\"isPartOf\":{\"@id\":\"https:\\\/\\\/www.votorantimcimentos.es\\\/es\\\/#website\"},\"primaryImageOfPage\":{\"@id\":\"https:\\\/\\\/www.votorantimcimentos.es\\\/es\\\/accionistas\\\/#primaryimage\"},\"image\":{\"@id\":\"https:\\\/\\\/www.votorantimcimentos.es\\\/es\\\/accionistas\\\/#primaryimage\"},\"thumbnailUrl\":\"https:\\\/\\\/www.votorantimcimentos.es\\\/wp-content\\\/uploads\\\/2023\\\/10\\\/Group-1879.png\",\"datePublished\":\"2023-10-17T07:29:48+00:00\",\"dateModified\":\"2026-02-03T09:42:20+00:00\",\"description\":\"Comunicados oficiales accionistas. Maximizando el valor para los accionistas a trav\u00e9s de la excelencia. Principal empresa de materiales de construcci\u00f3n a nivel mundial.\",\"breadcrumb\":{\"@id\":\"https:\\\/\\\/www.votorantimcimentos.es\\\/es\\\/accionistas\\\/#breadcrumb\"},\"inLanguage\":\"es\",\"potentialAction\":[{\"@type\":\"ReadAction\",\"target\":[\"https:\\\/\\\/www.votorantimcimentos.es\\\/es\\\/accionistas\\\/\"]}]},{\"@type\":\"ImageObject\",\"inLanguage\":\"es\",\"@id\":\"https:\\\/\\\/www.votorantimcimentos.es\\\/es\\\/accionistas\\\/#primaryimage\",\"url\":\"https:\\\/\\\/www.votorantimcimentos.es\\\/wp-content\\\/uploads\\\/2023\\\/10\\\/Group-1879.png\",\"contentUrl\":\"https:\\\/\\\/www.votorantimcimentos.es\\\/wp-content\\\/uploads\\\/2023\\\/10\\\/Group-1879.png\",\"width\":1396,\"height\":491},{\"@type\":\"BreadcrumbList\",\"@id\":\"https:\\\/\\\/www.votorantimcimentos.es\\\/es\\\/accionistas\\\/#breadcrumb\",\"itemListElement\":[{\"@type\":\"ListItem\",\"position\":1,\"name\":\"Inicio\",\"item\":\"https:\\\/\\\/www.votorantimcimentos.es\\\/es\\\/\"},{\"@type\":\"ListItem\",\"position\":2,\"name\":\"Accionistas\"}]},{\"@type\":\"WebSite\",\"@id\":\"https:\\\/\\\/www.votorantimcimentos.es\\\/es\\\/#website\",\"url\":\"https:\\\/\\\/www.votorantimcimentos.es\\\/es\\\/\",\"name\":\"Votorantim Cimentos Espa\u00f1a\",\"description\":\"\",\"potentialAction\":[{\"@type\":\"SearchAction\",\"target\":{\"@type\":\"EntryPoint\",\"urlTemplate\":\"https:\\\/\\\/www.votorantimcimentos.es\\\/es\\\/?s={search_term_string}\"},\"query-input\":{\"@type\":\"PropertyValueSpecification\",\"valueRequired\":true,\"valueName\":\"search_term_string\"}}],\"inLanguage\":\"es\"}]}<\/script>\n<!-- \/ Yoast SEO plugin. -->","yoast_head_json":{"title":"Accionistas y Comunicados Oficiales | Votorantim Cimentos Espa\u00f1a","description":"Comunicados oficiales accionistas. Maximizando el valor para los accionistas a trav\u00e9s de la excelencia. Principal empresa de materiales de construcci\u00f3n a nivel mundial.","robots":{"index":"index","follow":"follow","max-snippet":"max-snippet:-1","max-image-preview":"max-image-preview:large","max-video-preview":"max-video-preview:-1"},"canonical":"https:\/\/www.votorantimcimentos.es\/es\/accionistas\/","og_locale":"es_ES","og_type":"article","og_title":"Accionistas y Comunicados Oficiales | Votorantim Cimentos Espa\u00f1a","og_description":"Comunicados oficiales accionistas. Maximizando el valor para los accionistas a trav\u00e9s de la excelencia. Principal empresa de materiales de construcci\u00f3n a nivel mundial.","og_url":"https:\/\/www.votorantimcimentos.es\/es\/accionistas\/","og_site_name":"Votorantim Cimentos Espa\u00f1a","article_modified_time":"2026-02-03T09:42:20+00:00","og_image":[{"width":1396,"height":491,"url":"https:\/\/www.votorantimcimentos.es\/wp-content\/uploads\/2023\/10\/Group-1879.png","type":"image\/png"}],"twitter_card":"summary_large_image","twitter_misc":{"Tiempo de lectura":"1 minuto"},"schema":{"@context":"https:\/\/schema.org","@graph":[{"@type":"WebPage","@id":"https:\/\/www.votorantimcimentos.es\/es\/accionistas\/","url":"https:\/\/www.votorantimcimentos.es\/es\/accionistas\/","name":"Accionistas y Comunicados Oficiales | Votorantim Cimentos Espa\u00f1a","isPartOf":{"@id":"https:\/\/www.votorantimcimentos.es\/es\/#website"},"primaryImageOfPage":{"@id":"https:\/\/www.votorantimcimentos.es\/es\/accionistas\/#primaryimage"},"image":{"@id":"https:\/\/www.votorantimcimentos.es\/es\/accionistas\/#primaryimage"},"thumbnailUrl":"https:\/\/www.votorantimcimentos.es\/wp-content\/uploads\/2023\/10\/Group-1879.png","datePublished":"2023-10-17T07:29:48+00:00","dateModified":"2026-02-03T09:42:20+00:00","description":"Comunicados oficiales accionistas. Maximizando el valor para los accionistas a trav\u00e9s de la excelencia. Principal empresa de materiales de construcci\u00f3n a nivel mundial.","breadcrumb":{"@id":"https:\/\/www.votorantimcimentos.es\/es\/accionistas\/#breadcrumb"},"inLanguage":"es","potentialAction":[{"@type":"ReadAction","target":["https:\/\/www.votorantimcimentos.es\/es\/accionistas\/"]}]},{"@type":"ImageObject","inLanguage":"es","@id":"https:\/\/www.votorantimcimentos.es\/es\/accionistas\/#primaryimage","url":"https:\/\/www.votorantimcimentos.es\/wp-content\/uploads\/2023\/10\/Group-1879.png","contentUrl":"https:\/\/www.votorantimcimentos.es\/wp-content\/uploads\/2023\/10\/Group-1879.png","width":1396,"height":491},{"@type":"BreadcrumbList","@id":"https:\/\/www.votorantimcimentos.es\/es\/accionistas\/#breadcrumb","itemListElement":[{"@type":"ListItem","position":1,"name":"Inicio","item":"https:\/\/www.votorantimcimentos.es\/es\/"},{"@type":"ListItem","position":2,"name":"Accionistas"}]},{"@type":"WebSite","@id":"https:\/\/www.votorantimcimentos.es\/es\/#website","url":"https:\/\/www.votorantimcimentos.es\/es\/","name":"Votorantim Cimentos Espa\u00f1a","description":"","potentialAction":[{"@type":"SearchAction","target":{"@type":"EntryPoint","urlTemplate":"https:\/\/www.votorantimcimentos.es\/es\/?s={search_term_string}"},"query-input":{"@type":"PropertyValueSpecification","valueRequired":true,"valueName":"search_term_string"}}],"inLanguage":"es"}]}},"_links":{"self":[{"href":"https:\/\/www.votorantimcimentos.es\/es\/wp-json\/wp\/v2\/pages\/2578","targetHints":{"allow":["GET"]}}],"collection":[{"href":"https:\/\/www.votorantimcimentos.es\/es\/wp-json\/wp\/v2\/pages"}],"about":[{"href":"https:\/\/www.votorantimcimentos.es\/es\/wp-json\/wp\/v2\/types\/page"}],"author":[{"embeddable":true,"href":"https:\/\/www.votorantimcimentos.es\/es\/wp-json\/wp\/v2\/users\/1"}],"replies":[{"embeddable":true,"href":"https:\/\/www.votorantimcimentos.es\/es\/wp-json\/wp\/v2\/comments?post=2578"}],"version-history":[{"count":24,"href":"https:\/\/www.votorantimcimentos.es\/es\/wp-json\/wp\/v2\/pages\/2578\/revisions"}],"predecessor-version":[{"id":31697,"href":"https:\/\/www.votorantimcimentos.es\/es\/wp-json\/wp\/v2\/pages\/2578\/revisions\/31697"}],"wp:featuredmedia":[{"embeddable":true,"href":"https:\/\/www.votorantimcimentos.es\/es\/wp-json\/wp\/v2\/media\/2304"}],"wp:attachment":[{"href":"https:\/\/www.votorantimcimentos.es\/es\/wp-json\/wp\/v2\/media?parent=2578"}],"curies":[{"name":"wp","href":"https:\/\/api.w.org\/{rel}","templated":true}]}}