{"id":20951,"date":"2023-11-07T16:30:56","date_gmt":"2023-11-07T15:30:56","guid":{"rendered":"https:\/\/www.votorantimcimentos.es\/?page_id=20951"},"modified":"2024-01-04T09:20:41","modified_gmt":"2024-01-04T08:20:41","slug":"productos-mortero","status":"publish","type":"page","link":"https:\/\/www.votorantimcimentos.es\/es\/mortero\/productos-mortero\/","title":{"rendered":"Productos Mortero"},"content":{"rendered":"<p><div class=\"fusion-fullwidth fullwidth-box fusion-builder-row-1 fusion-flex-container has-pattern-background has-mask-background nonhundred-percent-fullwidth non-hundred-percent-height-scrolling fusion-no-medium-visibility fusion-no-large-visibility\" style=\"--awb-border-radius-top-left:0px;--awb-border-radius-top-right:0px;--awb-border-radius-bottom-right:0px;--awb-border-radius-bottom-left:0px;--awb-flex-wrap:wrap;\" ><div class=\"fusion-builder-row fusion-row fusion-flex-align-items-flex-start fusion-flex-content-wrap\" style=\"max-width:1331.2px;margin-left: calc(-4% \/ 2 );margin-right: calc(-4% \/ 2 );\"><div class=\"fusion-layout-column fusion_builder_column fusion-builder-column-0 fusion_builder_column_1_1 1_1 fusion-flex-column fusion-flex-align-self-center fusion-no-medium-visibility fusion-no-large-visibility barra-titulo\" style=\"--awb-padding-top:60px;--awb-padding-right:60px;--awb-padding-bottom:60px;--awb-padding-left:60px;--awb-padding-bottom-medium:0px;--awb-padding-top-small:0px;--awb-overflow:hidden;--awb-bg-color:var(--awb-color5);--awb-bg-color-hover:var(--awb-color5);--awb-bg-position:center center;--awb-bg-size:cover;--awb-border-radius:0px 25px 0px 25px;--awb-width-large:100%;--awb-margin-top-large:0px;--awb-spacing-right-large:1.92%;--awb-margin-bottom-large:0px;--awb-spacing-left-large:1.92%;--awb-width-medium:100%;--awb-order-medium:0;--awb-spacing-right-medium:1.92%;--awb-spacing-left-medium:20px;--awb-width-small:100%;--awb-order-small:0;--awb-spacing-right-small:1.92%;--awb-spacing-left-small:0%;\"><div class=\"fusion-column-wrapper lazyload fusion-column-has-shadow fusion-flex-justify-content-center fusion-content-layout-column fusion-column-has-bg-image fusion-column-has-bg-image-small\" data-bg-url=\"https:\/\/www.votorantimcimentos.es\/wp-content\/uploads\/2023\/12\/Cabecera-ordenador_Cabecera-mortero-producto.jpg\" data-bg=\"https:\/\/www.votorantimcimentos.es\/wp-content\/uploads\/2023\/12\/Cabecera-ordenador_Cabecera-mortero-producto.jpg\" data-fusion-responsive-bg=\"1\" data-bg-small=\"https:\/\/www.votorantimcimentos.es\/wp-content\/uploads\/2024\/01\/Cabecera-movil_Cabecera-movil-mortero-producto.jpg\"><div class=\"fusion-title title fusion-title-1 fusion-no-medium-visibility fusion-no-large-visibility fusion-sep-none fusion-title-center fusion-title-text fusion-title-size-one\" style=\"--awb-text-color:var(--awb-color1);--awb-margin-bottom:30px;--awb-margin-top-small:10px;--awb-margin-right-small:0px;--awb-margin-bottom-small:10px;--awb-margin-left-small:0px;--awb-font-size:45px;\"><h1 class=\"fusion-title-heading title-heading-center fusion-responsive-typography-calculated\" style=\"margin:0;font-size:1em;--fontSize:45;line-height:1.29;\">Productos Mortero<\/h1><\/div><div class=\"fusion-text fusion-text-1 sm-text-align-center fusion-text-no-margin\" style=\"--awb-content-alignment:left;--awb-font-size:22px;--awb-line-height:32px;--awb-letter-spacing:var(--awb-typography3-letter-spacing);--awb-text-transform:var(--awb-typography3-text-transform);--awb-text-color:var(--awb-color1);--awb-margin-bottom:0px;--awb-text-font-family:var(--awb-typography3-font-family);--awb-text-font-weight:var(--awb-typography3-font-weight);--awb-text-font-style:var(--awb-typography3-font-style);\"><p>Scelerisque dignissim in leo at magna donec mi metus ipsum luctus nam elit sociis luctus et aliquam libero.<\/p>\n<\/div><\/div><\/div><\/div><\/div><div class=\"fusion-fullwidth fullwidth-box fusion-builder-row-2 fusion-flex-container has-pattern-background has-mask-background nonhundred-percent-fullwidth non-hundred-percent-height-scrolling\" style=\"--awb-border-radius-top-left:0px;--awb-border-radius-top-right:0px;--awb-border-radius-bottom-right:0px;--awb-border-radius-bottom-left:0px;--awb-padding-top:100px;--awb-padding-bottom:100px;--awb-flex-wrap:wrap;\" ><div class=\"fusion-builder-row fusion-row fusion-flex-align-items-flex-start fusion-flex-content-wrap\" style=\"max-width:1331.2px;margin-left: calc(-4% \/ 2 );margin-right: calc(-4% \/ 2 );\"><div class=\"fusion-layout-column fusion_builder_column fusion-builder-column-1 fusion_builder_column_1_1 1_1 fusion-flex-column\" style=\"--awb-bg-size:cover;--awb-width-large:100%;--awb-margin-top-large:0px;--awb-spacing-right-large:0%;--awb-margin-bottom-large:20px;--awb-spacing-left-large:0.864%;--awb-width-medium:100%;--awb-order-medium:0;--awb-spacing-right-medium:0%;--awb-spacing-left-medium:0.864%;--awb-width-small:100%;--awb-order-small:0;--awb-spacing-right-small:1.92%;--awb-spacing-left-small:1.92%;\"><div class=\"fusion-column-wrapper fusion-column-has-shadow fusion-flex-justify-content-flex-start fusion-content-layout-column\"><\/div><\/div><\/div><\/div><\/p>\n","protected":false},"excerpt":{"rendered":"","protected":false},"author":1,"featured_media":24667,"parent":2453,"menu_order":0,"comment_status":"closed","ping_status":"closed","template":"100-width.php","meta":{"footnotes":""},"class_list":["post-20951","page","type-page","status-publish","has-post-thumbnail","hentry"],"yoast_head":"<!-- This site is optimized with the Yoast SEO plugin v27.3 - https:\/\/yoast.com\/product\/yoast-seo-wordpress\/ -->\n<title>Cat\u00e1logo Morteros Pulmor. Fichas T\u00e9cnicas | Votorantim Cimentos Espa\u00f1a<\/title>\n<meta name=\"description\" content=\"Para diferentes tipos de aplicaciones y sectores. Alba\u00f1iler\u00eda, revoco y enlucido, suelos, restauraci\u00f3n y bioconstrucci\u00f3n, especiales, adhesivos, tapajuntas, otros productos.\" \/>\n<meta name=\"robots\" content=\"index, follow, max-snippet:-1, max-image-preview:large, max-video-preview:-1\" \/>\n<link rel=\"canonical\" href=\"https:\/\/www.votorantimcimentos.es\/es\/mortero\/productos-mortero\/\" \/>\n<meta property=\"og:locale\" content=\"es_ES\" \/>\n<meta property=\"og:type\" content=\"article\" \/>\n<meta property=\"og:title\" content=\"Cat\u00e1logo Morteros Pulmor. Fichas T\u00e9cnicas | Votorantim Cimentos Espa\u00f1a\" \/>\n<meta property=\"og:description\" content=\"Para diferentes tipos de aplicaciones y sectores. Alba\u00f1iler\u00eda, revoco y enlucido, suelos, restauraci\u00f3n y bioconstrucci\u00f3n, especiales, adhesivos, tapajuntas, otros productos.\" \/>\n<meta property=\"og:url\" content=\"https:\/\/www.votorantimcimentos.es\/es\/mortero\/productos-mortero\/\" \/>\n<meta property=\"og:site_name\" content=\"Votorantim Cimentos Espa\u00f1a\" \/>\n<meta property=\"article:modified_time\" content=\"2024-01-04T08:20:41+00:00\" \/>\n<meta property=\"og:image\" content=\"https:\/\/www.votorantimcimentos.es\/wp-content\/uploads\/2023\/12\/Cabecera-ordenador_Cabecera-mortero-producto.jpg\" \/>\n\t<meta property=\"og:image:width\" content=\"1396\" \/>\n\t<meta property=\"og:image:height\" content=\"491\" \/>\n\t<meta property=\"og:image:type\" content=\"image\/jpeg\" \/>\n<meta name=\"twitter:card\" content=\"summary_large_image\" \/>\n<meta name=\"twitter:label1\" content=\"Tiempo de lectura\" \/>\n\t<meta name=\"twitter:data1\" content=\"1 minuto\" \/>\n<script type=\"application\/ld+json\" class=\"yoast-schema-graph\">{\"@context\":\"https:\\\/\\\/schema.org\",\"@graph\":[{\"@type\":\"WebPage\",\"@id\":\"https:\\\/\\\/www.votorantimcimentos.es\\\/es\\\/mortero\\\/productos-mortero\\\/\",\"url\":\"https:\\\/\\\/www.votorantimcimentos.es\\\/es\\\/mortero\\\/productos-mortero\\\/\",\"name\":\"Cat\u00e1logo Morteros Pulmor. Fichas T\u00e9cnicas | Votorantim Cimentos Espa\u00f1a\",\"isPartOf\":{\"@id\":\"https:\\\/\\\/www.votorantimcimentos.es\\\/es\\\/#website\"},\"primaryImageOfPage\":{\"@id\":\"https:\\\/\\\/www.votorantimcimentos.es\\\/es\\\/mortero\\\/productos-mortero\\\/#primaryimage\"},\"image\":{\"@id\":\"https:\\\/\\\/www.votorantimcimentos.es\\\/es\\\/mortero\\\/productos-mortero\\\/#primaryimage\"},\"thumbnailUrl\":\"https:\\\/\\\/www.votorantimcimentos.es\\\/wp-content\\\/uploads\\\/2023\\\/12\\\/Cabecera-ordenador_Cabecera-mortero-producto.jpg\",\"datePublished\":\"2023-11-07T15:30:56+00:00\",\"dateModified\":\"2024-01-04T08:20:41+00:00\",\"description\":\"Para diferentes tipos de aplicaciones y sectores. Alba\u00f1iler\u00eda, revoco y enlucido, suelos, restauraci\u00f3n y bioconstrucci\u00f3n, especiales, adhesivos, tapajuntas, otros productos.\",\"breadcrumb\":{\"@id\":\"https:\\\/\\\/www.votorantimcimentos.es\\\/es\\\/mortero\\\/productos-mortero\\\/#breadcrumb\"},\"inLanguage\":\"es\",\"potentialAction\":[{\"@type\":\"ReadAction\",\"target\":[\"https:\\\/\\\/www.votorantimcimentos.es\\\/es\\\/mortero\\\/productos-mortero\\\/\"]}]},{\"@type\":\"ImageObject\",\"inLanguage\":\"es\",\"@id\":\"https:\\\/\\\/www.votorantimcimentos.es\\\/es\\\/mortero\\\/productos-mortero\\\/#primaryimage\",\"url\":\"https:\\\/\\\/www.votorantimcimentos.es\\\/wp-content\\\/uploads\\\/2023\\\/12\\\/Cabecera-ordenador_Cabecera-mortero-producto.jpg\",\"contentUrl\":\"https:\\\/\\\/www.votorantimcimentos.es\\\/wp-content\\\/uploads\\\/2023\\\/12\\\/Cabecera-ordenador_Cabecera-mortero-producto.jpg\",\"width\":1396,\"height\":491,\"caption\":\"Productos morteros. Votorantim Cimentos Espa\u00f1a\"},{\"@type\":\"BreadcrumbList\",\"@id\":\"https:\\\/\\\/www.votorantimcimentos.es\\\/es\\\/mortero\\\/productos-mortero\\\/#breadcrumb\",\"itemListElement\":[{\"@type\":\"ListItem\",\"position\":1,\"name\":\"Inicio\",\"item\":\"https:\\\/\\\/www.votorantimcimentos.es\\\/es\\\/\"},{\"@type\":\"ListItem\",\"position\":2,\"name\":\"Mortero\",\"item\":\"https:\\\/\\\/www.votorantimcimentos.es\\\/es\\\/mortero\\\/\"},{\"@type\":\"ListItem\",\"position\":3,\"name\":\"Productos Mortero\"}]},{\"@type\":\"WebSite\",\"@id\":\"https:\\\/\\\/www.votorantimcimentos.es\\\/es\\\/#website\",\"url\":\"https:\\\/\\\/www.votorantimcimentos.es\\\/es\\\/\",\"name\":\"Votorantim Cimentos Espa\u00f1a\",\"description\":\"\",\"potentialAction\":[{\"@type\":\"SearchAction\",\"target\":{\"@type\":\"EntryPoint\",\"urlTemplate\":\"https:\\\/\\\/www.votorantimcimentos.es\\\/es\\\/?s={search_term_string}\"},\"query-input\":{\"@type\":\"PropertyValueSpecification\",\"valueRequired\":true,\"valueName\":\"search_term_string\"}}],\"inLanguage\":\"es\"}]}<\/script>\n<!-- \/ Yoast SEO plugin. -->","yoast_head_json":{"title":"Cat\u00e1logo Morteros Pulmor. Fichas T\u00e9cnicas | Votorantim Cimentos Espa\u00f1a","description":"Para diferentes tipos de aplicaciones y sectores. Alba\u00f1iler\u00eda, revoco y enlucido, suelos, restauraci\u00f3n y bioconstrucci\u00f3n, especiales, adhesivos, tapajuntas, otros productos.","robots":{"index":"index","follow":"follow","max-snippet":"max-snippet:-1","max-image-preview":"max-image-preview:large","max-video-preview":"max-video-preview:-1"},"canonical":"https:\/\/www.votorantimcimentos.es\/es\/mortero\/productos-mortero\/","og_locale":"es_ES","og_type":"article","og_title":"Cat\u00e1logo Morteros Pulmor. Fichas T\u00e9cnicas | Votorantim Cimentos Espa\u00f1a","og_description":"Para diferentes tipos de aplicaciones y sectores. Alba\u00f1iler\u00eda, revoco y enlucido, suelos, restauraci\u00f3n y bioconstrucci\u00f3n, especiales, adhesivos, tapajuntas, otros productos.","og_url":"https:\/\/www.votorantimcimentos.es\/es\/mortero\/productos-mortero\/","og_site_name":"Votorantim Cimentos Espa\u00f1a","article_modified_time":"2024-01-04T08:20:41+00:00","og_image":[{"width":1396,"height":491,"url":"https:\/\/www.votorantimcimentos.es\/wp-content\/uploads\/2023\/12\/Cabecera-ordenador_Cabecera-mortero-producto.jpg","type":"image\/jpeg"}],"twitter_card":"summary_large_image","twitter_misc":{"Tiempo de lectura":"1 minuto"},"schema":{"@context":"https:\/\/schema.org","@graph":[{"@type":"WebPage","@id":"https:\/\/www.votorantimcimentos.es\/es\/mortero\/productos-mortero\/","url":"https:\/\/www.votorantimcimentos.es\/es\/mortero\/productos-mortero\/","name":"Cat\u00e1logo Morteros Pulmor. Fichas T\u00e9cnicas | Votorantim Cimentos Espa\u00f1a","isPartOf":{"@id":"https:\/\/www.votorantimcimentos.es\/es\/#website"},"primaryImageOfPage":{"@id":"https:\/\/www.votorantimcimentos.es\/es\/mortero\/productos-mortero\/#primaryimage"},"image":{"@id":"https:\/\/www.votorantimcimentos.es\/es\/mortero\/productos-mortero\/#primaryimage"},"thumbnailUrl":"https:\/\/www.votorantimcimentos.es\/wp-content\/uploads\/2023\/12\/Cabecera-ordenador_Cabecera-mortero-producto.jpg","datePublished":"2023-11-07T15:30:56+00:00","dateModified":"2024-01-04T08:20:41+00:00","description":"Para diferentes tipos de aplicaciones y sectores. Alba\u00f1iler\u00eda, revoco y enlucido, suelos, restauraci\u00f3n y bioconstrucci\u00f3n, especiales, adhesivos, tapajuntas, otros productos.","breadcrumb":{"@id":"https:\/\/www.votorantimcimentos.es\/es\/mortero\/productos-mortero\/#breadcrumb"},"inLanguage":"es","potentialAction":[{"@type":"ReadAction","target":["https:\/\/www.votorantimcimentos.es\/es\/mortero\/productos-mortero\/"]}]},{"@type":"ImageObject","inLanguage":"es","@id":"https:\/\/www.votorantimcimentos.es\/es\/mortero\/productos-mortero\/#primaryimage","url":"https:\/\/www.votorantimcimentos.es\/wp-content\/uploads\/2023\/12\/Cabecera-ordenador_Cabecera-mortero-producto.jpg","contentUrl":"https:\/\/www.votorantimcimentos.es\/wp-content\/uploads\/2023\/12\/Cabecera-ordenador_Cabecera-mortero-producto.jpg","width":1396,"height":491,"caption":"Productos morteros. Votorantim Cimentos Espa\u00f1a"},{"@type":"BreadcrumbList","@id":"https:\/\/www.votorantimcimentos.es\/es\/mortero\/productos-mortero\/#breadcrumb","itemListElement":[{"@type":"ListItem","position":1,"name":"Inicio","item":"https:\/\/www.votorantimcimentos.es\/es\/"},{"@type":"ListItem","position":2,"name":"Mortero","item":"https:\/\/www.votorantimcimentos.es\/es\/mortero\/"},{"@type":"ListItem","position":3,"name":"Productos Mortero"}]},{"@type":"WebSite","@id":"https:\/\/www.votorantimcimentos.es\/es\/#website","url":"https:\/\/www.votorantimcimentos.es\/es\/","name":"Votorantim Cimentos Espa\u00f1a","description":"","potentialAction":[{"@type":"SearchAction","target":{"@type":"EntryPoint","urlTemplate":"https:\/\/www.votorantimcimentos.es\/es\/?s={search_term_string}"},"query-input":{"@type":"PropertyValueSpecification","valueRequired":true,"valueName":"search_term_string"}}],"inLanguage":"es"}]}},"_links":{"self":[{"href":"https:\/\/www.votorantimcimentos.es\/es\/wp-json\/wp\/v2\/pages\/20951","targetHints":{"allow":["GET"]}}],"collection":[{"href":"https:\/\/www.votorantimcimentos.es\/es\/wp-json\/wp\/v2\/pages"}],"about":[{"href":"https:\/\/www.votorantimcimentos.es\/es\/wp-json\/wp\/v2\/types\/page"}],"author":[{"embeddable":true,"href":"https:\/\/www.votorantimcimentos.es\/es\/wp-json\/wp\/v2\/users\/1"}],"replies":[{"embeddable":true,"href":"https:\/\/www.votorantimcimentos.es\/es\/wp-json\/wp\/v2\/comments?post=20951"}],"version-history":[{"count":30,"href":"https:\/\/www.votorantimcimentos.es\/es\/wp-json\/wp\/v2\/pages\/20951\/revisions"}],"predecessor-version":[{"id":26259,"href":"https:\/\/www.votorantimcimentos.es\/es\/wp-json\/wp\/v2\/pages\/20951\/revisions\/26259"}],"up":[{"embeddable":true,"href":"https:\/\/www.votorantimcimentos.es\/es\/wp-json\/wp\/v2\/pages\/2453"}],"wp:featuredmedia":[{"embeddable":true,"href":"https:\/\/www.votorantimcimentos.es\/es\/wp-json\/wp\/v2\/media\/24667"}],"wp:attachment":[{"href":"https:\/\/www.votorantimcimentos.es\/es\/wp-json\/wp\/v2\/media?parent=20951"}],"curies":[{"name":"wp","href":"https:\/\/api.w.org\/{rel}","templated":true}]}}